{"id":2600,"date":"2017-11-03T14:41:53","date_gmt":"2017-11-03T13:41:53","guid":{"rendered":"https:\/\/www.sledenje.com\/hvala-za-vaso-prijavo-na-e-novice\/"},"modified":"2017-11-03T15:43:32","modified_gmt":"2017-11-03T14:43:32","slug":"thank-you-for-signing-up-for-e-news","status":"publish","type":"page","link":"https:\/\/www.sledenje.com\/en\/thank-you-for-signing-up-for-e-news\/","title":{"rendered":"Thank you for signing up for e-news"},"content":{"rendered":"\n<style type=\"text\/css\" data-created_by=\"avia_inline_auto\" id=\"style-css-av-av_section-1a21a428039fe57dc11fcb93ea118606\">\n.avia-section.av-av_section-1a21a428039fe57dc11fcb93ea118606{\nbackground-color:#231f20;\nbackground-image:unset;\n}\n<\/style>\n<div id='av_section_1'  class='avia-section av-av_section-1a21a428039fe57dc11fcb93ea118606 main_color avia-section-default avia-no-shadow  avia-builder-el-0  el_before_av_section  avia-builder-el-first  avia-bg-style-scroll av-minimum-height av-minimum-height-custom av-height-custom  container_wrap sidebar_left'   data-av_minimum_height_px='238'><div class='container av-section-cont-open' style='height:238px'><main  role=\"main\" itemprop=\"mainContentOfPage\"  class='template-page content  av-content-small units'><div class='post-entry post-entry-type-page post-entry-2600'><div class='entry-content-wrapper clearfix'>\n\n<style type=\"text\/css\" data-created_by=\"avia_inline_auto\" id=\"style-css-av-av_one_full-6126cab7d8fab8d08143dd2dacdf673c\">\n.flex_column.av-av_one_full-6126cab7d8fab8d08143dd2dacdf673c{\nborder-radius:0px 0px 0px 0px;\npadding:0px 0px 0px 0px;\n}\n<\/style>\n<div  class='flex_column av-av_one_full-6126cab7d8fab8d08143dd2dacdf673c av_one_full  avia-builder-el-1  avia-builder-el-no-sibling  first flex_column_div av-zero-column-padding  '     ><section  class='av_textblock_section av-av_textblock-48953f774cd9d69589b452a6da185a76 '   itemscope=\"itemscope\" itemtype=\"https:\/\/schema.org\/CreativeWork\" ><div class='avia_textblock notransform'  itemprop=\"text\" ><h1 style=\"text-align: center;\"><strong>Hvala za va\u0161o prijavo na e-novice<\/strong><\/h1>\n<\/div><\/section><\/div><\/div><\/div><\/main><!-- close content main element --><\/div><\/div><div id='av_section_2'  class='avia-section av-av_section-3ea326cd6086a846e7da1e960d477d15 main_color avia-section-default avia-no-shadow  avia-builder-el-3  el_after_av_section  avia-builder-el-last  thankyou avia-bg-style-scroll container_wrap sidebar_left'  ><div class='container av-section-cont-open' ><div class='template-page content  av-content-small units'><div class='post-entry post-entry-type-page post-entry-2600'><div class='entry-content-wrapper clearfix'>\n\n<style type=\"text\/css\" data-created_by=\"avia_inline_auto\" id=\"style-css-av-av_one_full-15d750bd1b332b34c6e70b077ebbccdf\">\n.flex_column.av-av_one_full-15d750bd1b332b34c6e70b077ebbccdf{\nborder-radius:0px 0px 0px 0px;\npadding:0px 0px 0px 0px;\n}\n<\/style>\n<div  class='flex_column av-av_one_full-15d750bd1b332b34c6e70b077ebbccdf av_one_full  avia-builder-el-4  avia-builder-el-no-sibling  first flex_column_div av-zero-column-padding  '     ><p><section  class='av_textblock_section av-av_textblock-7f73d451b4602741336e5fe08adaa24a '   itemscope=\"itemscope\" itemtype=\"https:\/\/schema.org\/CreativeWork\" ><div class='avia_textblock font30-400'  itemprop=\"text\" ><p>Se vam je porodilo \u0161e kak\u0161no vpra\u0161anje?<\/p>\n<\/div><\/section><br \/>\n<div  class='avia-button-wrap av-av_button-a04bb55e5e1607c26898dc793fd2c384-wrap avia-button-center  avia-builder-el-6  el_after_av_textblock  el_before_av_button  gumb-transparent'><a href='https:\/\/www.sledenje.com\/blog\/'  class='avia-button av-av_button-a04bb55e5e1607c26898dc793fd2c384 av-link-btn avia-icon_select-no avia-size-small avia-position-center avia-color-theme-color'   aria-label=\"BLOG\"><span class='avia_iconbox_title' >BLOG<\/span><\/a><\/div><br \/>\n<div  class='avia-button-wrap av-av_button-b4eb0f4e8a268cc66bcc0ce77748376a-wrap avia-button-center  avia-builder-el-7  el_after_av_button  avia-builder-el-last  gumb-rumen'><a href='https:\/\/www.sledenje.com\/pogosta-vprasanja\/'  class='avia-button av-av_button-b4eb0f4e8a268cc66bcc0ce77748376a av-link-btn avia-icon_select-no avia-size-small avia-position-center avia-color-theme-color'   aria-label=\"POGOSTA VPRA\u0160ANJA\"><span class='avia_iconbox_title' >POGOSTA VPRA\u0160ANJA<\/span><\/a><\/div><\/p><\/div><\/div><\/div><\/div><!-- close content main div --><\/div><\/div><div id='after_section_2'  class='main_color av_default_container_wrap container_wrap sidebar_left'  ><div class='container av-section-cont-open' ><div class='template-page content  av-content-small units'><div class='post-entry post-entry-type-page post-entry-2600'><div class='entry-content-wrapper clearfix'><\/p>\n","protected":false},"excerpt":{"rendered":"","protected":false},"author":1,"featured_media":0,"parent":0,"menu_order":0,"comment_status":"closed","ping_status":"closed","template":"","meta":{"_acf_changed":false,"footnotes":""},"class_list":["post-2600","page","type-page","status-publish","hentry"],"acf":[],"yoast_head":"<!-- This site is optimized with the Yoast SEO plugin v26.5 - https:\/\/yoast.com\/wordpress\/plugins\/seo\/ -->\n<title>Thank you for signing up for e-news - Sledenje.com<\/title>\n<meta name=\"robots\" content=\"index, follow, max-snippet:-1, max-image-preview:large, max-video-preview:-1\" \/>\n<link rel=\"canonical\" href=\"https:\/\/www.sledenje.com\/en\/thank-you-for-signing-up-for-e-news\/\" \/>\n<meta property=\"og:locale\" content=\"en_US\" \/>\n<meta property=\"og:type\" content=\"article\" \/>\n<meta property=\"og:title\" content=\"Thank you for signing up for e-news - Sledenje.com\" \/>\n<meta property=\"og:url\" content=\"https:\/\/www.sledenje.com\/en\/thank-you-for-signing-up-for-e-news\/\" \/>\n<meta property=\"og:site_name\" content=\"Sledenje.com\" \/>\n<meta property=\"article:modified_time\" content=\"2017-11-03T14:43:32+00:00\" \/>\n<meta name=\"twitter:card\" content=\"summary_large_image\" \/>\n<meta name=\"twitter:label1\" content=\"Est. reading time\" \/>\n\t<meta name=\"twitter:data1\" content=\"2 minutes\" \/>\n<script type=\"application\/ld+json\" class=\"yoast-schema-graph\">{\"@context\":\"https:\/\/schema.org\",\"@graph\":[{\"@type\":\"WebPage\",\"@id\":\"https:\/\/www.sledenje.com\/en\/thank-you-for-signing-up-for-e-news\/\",\"url\":\"https:\/\/www.sledenje.com\/en\/thank-you-for-signing-up-for-e-news\/\",\"name\":\"Thank you for signing up for e-news - Sledenje.com\",\"isPartOf\":{\"@id\":\"https:\/\/www.sledenje.com\/#website\"},\"datePublished\":\"2017-11-03T13:41:53+00:00\",\"dateModified\":\"2017-11-03T14:43:32+00:00\",\"breadcrumb\":{\"@id\":\"https:\/\/www.sledenje.com\/en\/thank-you-for-signing-up-for-e-news\/#breadcrumb\"},\"inLanguage\":\"en-US\",\"potentialAction\":[{\"@type\":\"ReadAction\",\"target\":[\"https:\/\/www.sledenje.com\/en\/thank-you-for-signing-up-for-e-news\/\"]}]},{\"@type\":\"BreadcrumbList\",\"@id\":\"https:\/\/www.sledenje.com\/en\/thank-you-for-signing-up-for-e-news\/#breadcrumb\",\"itemListElement\":[{\"@type\":\"ListItem\",\"position\":1,\"name\":\"Home\",\"item\":\"https:\/\/www.sledenje.com\/en\/\"},{\"@type\":\"ListItem\",\"position\":2,\"name\":\"Thank you for signing up for e-news\"}]},{\"@type\":\"WebSite\",\"@id\":\"https:\/\/www.sledenje.com\/#website\",\"url\":\"https:\/\/www.sledenje.com\/\",\"name\":\"Sledenje.com\",\"description\":\"\",\"potentialAction\":[{\"@type\":\"SearchAction\",\"target\":{\"@type\":\"EntryPoint\",\"urlTemplate\":\"https:\/\/www.sledenje.com\/?s={search_term_string}\"},\"query-input\":{\"@type\":\"PropertyValueSpecification\",\"valueRequired\":true,\"valueName\":\"search_term_string\"}}],\"inLanguage\":\"en-US\"}]}<\/script>\n<!-- \/ Yoast SEO plugin. -->","yoast_head_json":{"title":"Thank you for signing up for e-news - Sledenje.com","robots":{"index":"index","follow":"follow","max-snippet":"max-snippet:-1","max-image-preview":"max-image-preview:large","max-video-preview":"max-video-preview:-1"},"canonical":"https:\/\/www.sledenje.com\/en\/thank-you-for-signing-up-for-e-news\/","og_locale":"en_US","og_type":"article","og_title":"Thank you for signing up for e-news - Sledenje.com","og_url":"https:\/\/www.sledenje.com\/en\/thank-you-for-signing-up-for-e-news\/","og_site_name":"Sledenje.com","article_modified_time":"2017-11-03T14:43:32+00:00","twitter_card":"summary_large_image","twitter_misc":{"Est. reading time":"2 minutes"},"schema":{"@context":"https:\/\/schema.org","@graph":[{"@type":"WebPage","@id":"https:\/\/www.sledenje.com\/en\/thank-you-for-signing-up-for-e-news\/","url":"https:\/\/www.sledenje.com\/en\/thank-you-for-signing-up-for-e-news\/","name":"Thank you for signing up for e-news - Sledenje.com","isPartOf":{"@id":"https:\/\/www.sledenje.com\/#website"},"datePublished":"2017-11-03T13:41:53+00:00","dateModified":"2017-11-03T14:43:32+00:00","breadcrumb":{"@id":"https:\/\/www.sledenje.com\/en\/thank-you-for-signing-up-for-e-news\/#breadcrumb"},"inLanguage":"en-US","potentialAction":[{"@type":"ReadAction","target":["https:\/\/www.sledenje.com\/en\/thank-you-for-signing-up-for-e-news\/"]}]},{"@type":"BreadcrumbList","@id":"https:\/\/www.sledenje.com\/en\/thank-you-for-signing-up-for-e-news\/#breadcrumb","itemListElement":[{"@type":"ListItem","position":1,"name":"Home","item":"https:\/\/www.sledenje.com\/en\/"},{"@type":"ListItem","position":2,"name":"Thank you for signing up for e-news"}]},{"@type":"WebSite","@id":"https:\/\/www.sledenje.com\/#website","url":"https:\/\/www.sledenje.com\/","name":"Sledenje.com","description":"","potentialAction":[{"@type":"SearchAction","target":{"@type":"EntryPoint","urlTemplate":"https:\/\/www.sledenje.com\/?s={search_term_string}"},"query-input":{"@type":"PropertyValueSpecification","valueRequired":true,"valueName":"search_term_string"}}],"inLanguage":"en-US"}]}},"_links":{"self":[{"href":"https:\/\/www.sledenje.com\/en\/wp-json\/wp\/v2\/pages\/2600","targetHints":{"allow":["GET"]}}],"collection":[{"href":"https:\/\/www.sledenje.com\/en\/wp-json\/wp\/v2\/pages"}],"about":[{"href":"https:\/\/www.sledenje.com\/en\/wp-json\/wp\/v2\/types\/page"}],"author":[{"embeddable":true,"href":"https:\/\/www.sledenje.com\/en\/wp-json\/wp\/v2\/users\/1"}],"replies":[{"embeddable":true,"href":"https:\/\/www.sledenje.com\/en\/wp-json\/wp\/v2\/comments?post=2600"}],"version-history":[{"count":3,"href":"https:\/\/www.sledenje.com\/en\/wp-json\/wp\/v2\/pages\/2600\/revisions"}],"predecessor-version":[{"id":2602,"href":"https:\/\/www.sledenje.com\/en\/wp-json\/wp\/v2\/pages\/2600\/revisions\/2602"}],"wp:attachment":[{"href":"https:\/\/www.sledenje.com\/en\/wp-json\/wp\/v2\/media?parent=2600"}],"curies":[{"name":"wp","href":"https:\/\/api.w.org\/{rel}","templated":true}]}}